{"id":24,"date":"2023-07-10T21:19:15","date_gmt":"2023-07-11T00:19:15","guid":{"rendered":"https:\/\/polianabentes.com.br\/?page_id=24"},"modified":"2025-07-10T14:11:23","modified_gmt":"2025-07-10T17:11:23","slug":"contato","status":"publish","type":"page","link":"https:\/\/polianabentes.com.br\/en\/contato\/","title":{"rendered":"Contact"},"content":{"rendered":"<div data-elementor-type=\"wp-page\" data-elementor-id=\"24\" class=\"elementor elementor-24\" data-elementor-post-type=\"page\">\n\t\t\t\t<div class=\"elementor-element elementor-element-93037d6 e-con-full e-flex e-con e-parent\" data-id=\"93037d6\" data-element_type=\"container\" data-settings=\"{&quot;background_background&quot;:&quot;classic&quot;}\">\n\t\t\t\t<div class=\"elementor-element elementor-element-f78fddc elementor-widget__width-initial elementor-invisible elementor-widget elementor-widget-heading\" data-id=\"f78fddc\" data-element_type=\"widget\" data-settings=\"{&quot;_animation&quot;:&quot;fadeIn&quot;}\" data-widget_type=\"heading.default\">\n\t\t\t\t<div class=\"elementor-widget-container\">\n\t\t\t<h2 class=\"elementor-heading-title elementor-size-xxl\">Vamos juntos?<\/h2>\t\t<\/div>\n\t\t\t\t<\/div>\n\t\t\t\t<div class=\"elementor-element elementor-element-c4dfe22 elementor-widget elementor-widget-html\" data-id=\"c4dfe22\" data-element_type=\"widget\" data-widget_type=\"html.default\">\n\t\t\t\t<div class=\"elementor-widget-container\">\n\t\t\t<script>\nconst menuLinks = document.querySelectorAll('.nav__menu a:not(.elementor-item-active)')\nconst hamburguerMenu = document.querySelector(\".elementor-menu-toggle > svg\")\n\n\nif (window.screen.width > 1024) {\n    menuLinks.forEach(el => el.style.color = 'white')\n    document.addEventListener(\"scroll\", (event) => {\n    let lastKnownScrollPosition = window.scrollY;\n    if(lastKnownScrollPosition < 200) {\n        menuLinks.forEach(el => el.style.color = '#FFFFFF')\n        \n        return\n    }\n        menuLinks.forEach(el => el.style.color = 'var( --e-global-color-text )')\n})\n}\n\nif (window.screen.width <= 1024) {\n    hamburguerMenu.style.fill = 'white'\n    document.addEventListener(\"scroll\", (event) => {\nlet lastKnownScrollPosition = window.scrollY;\n    if(lastKnownScrollPosition < 200) {\n        hamburguerMenu.style.fill = '#FFFFFF'\n        \n        return\n    }\n        hamburguerMenu.style.fill = 'var( --e-global-color-text )'\n        console.log(hamburguerMenu)\n})\n}\n document.addEventListener(\"scroll\", (event) => {\n    const logoImg = document.getElementsByClassName('nav__logo')[0]\n    let lastKnownScrollPosition = window.scrollY;\n    const brightness = -lastKnownScrollPosition\/20; \n    \n    if(lastKnownScrollPosition < 200) {\n        logoImg.style.filter = `brightness(10)`\n        return\n    }\n        logoImg.style.filter = `none`\n})\n \n<\/script>\n<style>\n    @media (min-width: 1025px) {\n        .nav__menu a {\n    transition: color .5s ease-in-out !important;\n    }\n    .nav__menu a:hover {\n    color: var( --e-global-color-primary ) !important;\n    }\n    }\n    \n    @media (max-width: 1024px) {\n        .elementor-menu-toggle > svg {\n    transition: fill .5s ease-in-out !important;\n    }\n    }\n    \n.nav__logo {\n    transition: filter 0.5s ease-in-out;\n    filter: brightness(10);\n}\n<\/style>\n\n\t\t<\/div>\n\t\t\t\t<\/div>\n\t\t\t\t<\/div>\n\t\t<div class=\"elementor-element elementor-element-21c9f64 e-con-full e-flex e-con e-parent\" data-id=\"21c9f64\" data-element_type=\"container\" data-settings=\"{&quot;background_background&quot;:&quot;classic&quot;}\">\n\t\t<div class=\"elementor-element elementor-element-54d2333 e-con-full e-flex elementor-invisible e-con e-child\" data-id=\"54d2333\" data-element_type=\"container\" data-settings=\"{&quot;animation&quot;:&quot;fadeInLeft&quot;}\">\n\t\t\t\t<div class=\"elementor-element elementor-element-9e05f7d elementor-widget elementor-widget-heading\" data-id=\"9e05f7d\" data-element_type=\"widget\" data-widget_type=\"heading.default\">\n\t\t\t\t<div class=\"elementor-widget-container\">\n\t\t\t<h2 class=\"elementor-heading-title elementor-size-default\">Our Contacts<\/h2>\t\t<\/div>\n\t\t\t\t<\/div>\n\t\t\t\t<div class=\"elementor-element elementor-element-5f71612 elementor-widget elementor-widget-text-editor\" data-id=\"5f71612\" data-element_type=\"widget\" data-widget_type=\"text-editor.default\">\n\t\t\t\t<div class=\"elementor-widget-container\">\n\t\t\t\t\t\t\t<p>Contact us through our WhatsApp or email.<br \/>Service from Monday to Friday, from 9 am to 6 pm, Bras\u00edlia time.<\/p>\t\t\t\t\t\t<\/div>\n\t\t\t\t<\/div>\n\t\t\t\t<div class=\"elementor-element elementor-element-bbba06f elementor-align-left elementor-icon-list--layout-traditional elementor-list-item-link-full_width elementor-widget elementor-widget-icon-list\" data-id=\"bbba06f\" data-element_type=\"widget\" data-widget_type=\"icon-list.default\">\n\t\t\t\t<div class=\"elementor-widget-container\">\n\t\t\t\t\t<ul class=\"elementor-icon-list-items\">\n\t\t\t\t\t\t\t<li class=\"elementor-icon-list-item\">\n\t\t\t\t\t\t\t\t\t\t\t<span class=\"elementor-icon-list-icon\">\n\t\t\t\t\t\t\t<i aria-hidden=\"true\" class=\"far fa-envelope\"><\/i>\t\t\t\t\t\t<\/span>\n\t\t\t\t\t\t\t\t\t\t<span class=\"elementor-icon-list-text\">contato@polianabentes.com.br<\/span>\n\t\t\t\t\t\t\t\t\t<\/li>\n\t\t\t\t\t\t\t\t<li class=\"elementor-icon-list-item\">\n\t\t\t\t\t\t\t\t\t\t\t<span class=\"elementor-icon-list-icon\">\n\t\t\t\t\t\t\t<i aria-hidden=\"true\" class=\"fab fa-whatsapp\"><\/i>\t\t\t\t\t\t<\/span>\n\t\t\t\t\t\t\t\t\t\t<span class=\"elementor-icon-list-text\">+55 (91) 99281-8714<\/span>\n\t\t\t\t\t\t\t\t\t<\/li>\n\t\t\t\t\t\t\t\t<li class=\"elementor-icon-list-item\">\n\t\t\t\t\t\t\t\t\t\t\t<a href=\"https:\/\/www.instagram.com\/polianabentesconsultoria\/\">\n\n\t\t\t\t\t\t\t\t\t\t\t\t<span class=\"elementor-icon-list-icon\">\n\t\t\t\t\t\t\t<i aria-hidden=\"true\" class=\"fab fa-instagram\"><\/i>\t\t\t\t\t\t<\/span>\n\t\t\t\t\t\t\t\t\t\t<span class=\"elementor-icon-list-text\">@polianabentesconsultoria<\/span>\n\t\t\t\t\t\t\t\t\t\t\t<\/a>\n\t\t\t\t\t\t\t\t\t<\/li>\n\t\t\t\t\t\t\t\t<li class=\"elementor-icon-list-item\">\n\t\t\t\t\t\t\t\t\t\t\t<span class=\"elementor-icon-list-icon\">\n\t\t\t\t\t\t\t<i aria-hidden=\"true\" class=\"fas fa-map-marker-alt\"><\/i>\t\t\t\t\t\t<\/span>\n\t\t\t\t\t\t\t\t\t\t<span class=\"elementor-icon-list-text\">Travessa 14 de mar\u00e7o, 1155. Edif\u00edcio Urbe 14. Sala 504. Bel\u00e9m, PA, Brasil.<\/span>\n\t\t\t\t\t\t\t\t\t<\/li>\n\t\t\t\t\t\t<\/ul>\n\t\t\t\t<\/div>\n\t\t\t\t<\/div>\n\t\t\t\t<div class=\"elementor-element elementor-element-9910377 elementor-widget elementor-widget-heading\" data-id=\"9910377\" data-element_type=\"widget\" data-widget_type=\"heading.default\">\n\t\t\t\t<div class=\"elementor-widget-container\">\n\t\t\t<h3 class=\"elementor-heading-title elementor-size-default\">Imprensa<\/h3>\t\t<\/div>\n\t\t\t\t<\/div>\n\t\t\t\t<div class=\"elementor-element elementor-element-be65f26 elementor-widget elementor-widget-heading\" data-id=\"be65f26\" data-element_type=\"widget\" data-widget_type=\"heading.default\">\n\t\t\t\t<div class=\"elementor-widget-container\">\n\t\t\t<p class=\"elementor-heading-title elementor-size-default\">Gabriel Pinheiro<\/p>\t\t<\/div>\n\t\t\t\t<\/div>\n\t\t\t\t<div class=\"elementor-element elementor-element-cbbdc8d elementor-align-left elementor-icon-list--layout-inline elementor-list-item-link-full_width elementor-widget elementor-widget-icon-list\" data-id=\"cbbdc8d\" data-element_type=\"widget\" data-widget_type=\"icon-list.default\">\n\t\t\t\t<div class=\"elementor-widget-container\">\n\t\t\t\t\t<ul class=\"elementor-icon-list-items elementor-inline-items\">\n\t\t\t\t\t\t\t<li class=\"elementor-icon-list-item elementor-inline-item\">\n\t\t\t\t\t\t\t\t\t\t\t<span class=\"elementor-icon-list-icon\">\n\t\t\t\t\t\t\t<i aria-hidden=\"true\" class=\"far fa-envelope\"><\/i>\t\t\t\t\t\t<\/span>\n\t\t\t\t\t\t\t\t\t\t<span class=\"elementor-icon-list-text\">contatodogab@gmail.com<\/span>\n\t\t\t\t\t\t\t\t\t<\/li>\n\t\t\t\t\t\t\t\t<li class=\"elementor-icon-list-item elementor-inline-item\">\n\t\t\t\t\t\t\t\t\t\t\t<span class=\"elementor-icon-list-icon\">\n\t\t\t\t\t\t\t<i aria-hidden=\"true\" class=\"fab fa-whatsapp\"><\/i>\t\t\t\t\t\t<\/span>\n\t\t\t\t\t\t\t\t\t\t<span class=\"elementor-icon-list-text\">+55 (91) 98108-2576<\/span>\n\t\t\t\t\t\t\t\t\t<\/li>\n\t\t\t\t\t\t<\/ul>\n\t\t\t\t<\/div>\n\t\t\t\t<\/div>\n\t\t\t\t<\/div>\n\t\t<div class=\"elementor-element elementor-element-6aac9ad e-con-full e-flex elementor-invisible e-con e-child\" data-id=\"6aac9ad\" data-element_type=\"container\" data-settings=\"{&quot;animation&quot;:&quot;fadeInRight&quot;}\">\n\t\t\t\t<div class=\"elementor-element elementor-element-5f7e397 elementor-widget elementor-widget-heading\" data-id=\"5f7e397\" data-element_type=\"widget\" data-widget_type=\"heading.default\">\n\t\t\t\t<div class=\"elementor-widget-container\">\n\t\t\t<h2 class=\"elementor-heading-title elementor-size-default\">Send a Message<\/h2>\t\t<\/div>\n\t\t\t\t<\/div>\n\t\t\t\t<div class=\"elementor-element elementor-element-da0e575 elementor-button-align-end elementor-widget elementor-widget-form\" data-id=\"da0e575\" data-element_type=\"widget\" data-settings=\"{&quot;step_next_label&quot;:&quot;Next&quot;,&quot;step_previous_label&quot;:&quot;Previous&quot;,&quot;button_width&quot;:&quot;100&quot;,&quot;step_type&quot;:&quot;number_text&quot;,&quot;step_icon_shape&quot;:&quot;circle&quot;}\" data-widget_type=\"form.default\">\n\t\t\t\t<div class=\"elementor-widget-container\">\n\t\t\t\t\t<form class=\"elementor-form\" method=\"post\" name=\"Contato Inicial\" action=\"\">\n\t\t\t<input type=\"hidden\" name=\"post_id\" value=\"24\"\/>\n\t\t\t<input type=\"hidden\" name=\"form_id\" value=\"da0e575\"\/>\n\t\t\t<input type=\"hidden\" name=\"referer_title\" value=\"\" \/>\n\n\t\t\t\n\t\t\t<div class=\"elementor-form-fields-wrapper elementor-labels-above\">\n\t\t\t\t\t\t\t\t<div class=\"elementor-field-type-text elementor-field-group elementor-column elementor-field-group-field_a97c8e0 elementor-col-50 elementor-field-required elementor-mark-required\">\n\t\t\t\t\t\t\t\t\t\t\t\t<label for=\"form-field-field_a97c8e0\" class=\"elementor-field-label\">\n\t\t\t\t\t\t\t\tYour Name\t\t\t\t\t\t\t<\/label>\n\t\t\t\t\t\t\t\t\t\t\t\t\t\t<input size=\"1\" type=\"text\" name=\"form_fields[field_a97c8e0]\" id=\"form-field-field_a97c8e0\" class=\"elementor-field elementor-size-sm  elementor-field-textual\" required=\"required\" aria-required=\"true\">\n\t\t\t\t\t\t\t\t\t\t\t<\/div>\n\t\t\t\t\t\t\t\t<div class=\"elementor-field-type-email elementor-field-group elementor-column elementor-field-group-email elementor-col-50 elementor-field-required elementor-mark-required\">\n\t\t\t\t\t\t\t\t\t\t\t\t<label for=\"form-field-email\" class=\"elementor-field-label\">\n\t\t\t\t\t\t\t\tYour best mail\t\t\t\t\t\t\t<\/label>\n\t\t\t\t\t\t\t\t\t\t\t\t\t\t<input size=\"1\" type=\"email\" name=\"form_fields[email]\" id=\"form-field-email\" class=\"elementor-field elementor-size-sm  elementor-field-textual\" required=\"required\" aria-required=\"true\">\n\t\t\t\t\t\t\t\t\t\t\t<\/div>\n\t\t\t\t\t\t\t\t<div class=\"elementor-field-type-text elementor-field-group elementor-column elementor-field-group-field_60b8baa elementor-col-50\">\n\t\t\t\t\t\t\t\t\t\t\t\t<label for=\"form-field-field_60b8baa\" class=\"elementor-field-label\">\n\t\t\t\t\t\t\t\tYour Company\t\t\t\t\t\t\t<\/label>\n\t\t\t\t\t\t\t\t\t\t\t\t\t\t<input size=\"1\" type=\"text\" name=\"form_fields[field_60b8baa]\" id=\"form-field-field_60b8baa\" class=\"elementor-field elementor-size-sm  elementor-field-textual\">\n\t\t\t\t\t\t\t\t\t\t\t<\/div>\n\t\t\t\t\t\t\t\t<div class=\"elementor-field-type-text elementor-field-group elementor-column elementor-field-group-field_5c180e5 elementor-col-50\">\n\t\t\t\t\t\t\t\t\t\t\t\t<label for=\"form-field-field_5c180e5\" class=\"elementor-field-label\">\n\t\t\t\t\t\t\t\tYour Position\t\t\t\t\t\t\t<\/label>\n\t\t\t\t\t\t\t\t\t\t\t\t\t\t<input size=\"1\" type=\"text\" name=\"form_fields[field_5c180e5]\" id=\"form-field-field_5c180e5\" class=\"elementor-field elementor-size-sm  elementor-field-textual\">\n\t\t\t\t\t\t\t\t\t\t\t<\/div>\n\t\t\t\t\t\t\t\t<div class=\"elementor-field-type-select elementor-field-group elementor-column elementor-field-group-horario elementor-col-100\">\n\t\t\t\t\t\t\t\t\t\t\t\t<label for=\"form-field-horario\" class=\"elementor-field-label\">\n\t\t\t\t\t\t\t\tConsidering your current situation, which phrase best describes you?\t\t\t\t\t\t\t<\/label>\n\t\t\t\t\t\t\t\t<div class=\"elementor-field elementor-select-wrapper remove-before\">\n\t\t\t<div class=\"select-caret-down-wrapper\">\n\t\t\t\t<i aria-hidden=\"true\" class=\"eicon-caret-down\"><\/i>\t\t\t<\/div>\n\t\t\t<select name=\"form_fields[horario]\" id=\"form-field-horario\" class=\"elementor-field-textual elementor-size-sm\">\n\t\t\t\t\t\t\t\t\t<option value=\"Selecione uma op\u00e7\u00e3o\">Select an option<\/option>\n\t\t\t\t\t\t\t\t\t<option value=\"Trabalho em uma empresa com uma demanda de consultoria.\">I work in a company with a consultancy demand.<\/option>\n\t\t\t\t\t\t\t\t\t<option value=\"Sou empreendedor(a) e tenho uma demanda de consultoria para o meu neg\u00f3cio.\">I am an entrepreneur and I have a consultancy demand for my business.<\/option>\n\t\t\t\t\t\t\t\t\t<option value=\"Tenho uma ideia de neg\u00f3cio, ainda em fase de planejamento inicial, e busco aconselhamento.\">I have a business idea, still in the initial planning stage, and I'm looking for advice.<\/option>\n\t\t\t\t\t\t\t<\/select>\n\t\t<\/div>\n\t\t\t\t\t\t<\/div>\n\t\t\t\t\t\t\t\t<div class=\"elementor-field-type-select elementor-field-group elementor-column elementor-field-group-tipodeprojeto elementor-col-100\">\n\t\t\t\t\t\t\t\t\t\t\t\t<label for=\"form-field-tipodeprojeto\" class=\"elementor-field-label\">\n\t\t\t\t\t\t\t\tWhat is the size of your company?\t\t\t\t\t\t\t<\/label>\n\t\t\t\t\t\t\t\t<div class=\"elementor-field elementor-select-wrapper remove-before\">\n\t\t\t<div class=\"select-caret-down-wrapper\">\n\t\t\t\t<i aria-hidden=\"true\" class=\"eicon-caret-down\"><\/i>\t\t\t<\/div>\n\t\t\t<select name=\"form_fields[tipodeprojeto]\" id=\"form-field-tipodeprojeto\" class=\"elementor-field-textual elementor-size-sm\">\n\t\t\t\t\t\t\t\t\t<option value=\"Selecione uma op\u00e7\u00e3o\">Select an option<\/option>\n\t\t\t\t\t\t\t\t\t<option value=\"Profissional Aut\u00f4nomo\">Self-employed<\/option>\n\t\t\t\t\t\t\t\t\t<option value=\"Micro Empreendedor Individual\">Individual Micro Entrepreneur<\/option>\n\t\t\t\t\t\t\t\t\t<option value=\"Micro Empresa (2 a 20 funcion\u00e1rios)\">Micro Empresa (2 a 20 funcion\u00e1rios)<\/option>\n\t\t\t\t\t\t\t\t\t<option value=\"Pequena Empresa (21 a  50 funcion\u00e1rios)\">Small Business (21 to 50 employees)<\/option>\n\t\t\t\t\t\t\t\t\t<option value=\"M\u00e9dia Empresa (51 a 100 funcion\u00e1rios)\">Medium Company (51 to 100 employees)<\/option>\n\t\t\t\t\t\t\t\t\t<option value=\"Grande Empresa (+101 funcion\u00e1rios)\">Large Company (+101 employees)<\/option>\n\t\t\t\t\t\t\t<\/select>\n\t\t<\/div>\n\t\t\t\t\t\t<\/div>\n\t\t\t\t\t\t\t\t<div class=\"elementor-field-type-textarea elementor-field-group elementor-column elementor-field-group-investimento elementor-col-100\">\n\t\t\t\t\t\t\t\t\t\t\t\t<label for=\"form-field-investimento\" class=\"elementor-field-label\">\n\t\t\t\t\t\t\t\tTell me better how I can help you.\t\t\t\t\t\t\t<\/label>\n\t\t\t\t\t\t<textarea class=\"elementor-field-textual elementor-field  elementor-size-sm\" name=\"form_fields[investimento]\" id=\"form-field-investimento\" rows=\"1\"><\/textarea>\t\t\t\t<\/div>\n\t\t\t\t\t\t\t\t<div class=\"elementor-field-type-select elementor-field-group elementor-column elementor-field-group-field_318beea elementor-col-100\">\n\t\t\t\t\t\t\t\t\t\t\t\t<label for=\"form-field-field_318beea\" class=\"elementor-field-label\">\n\t\t\t\t\t\t\t\tWhat kind of solution are you looking for?\t\t\t\t\t\t\t<\/label>\n\t\t\t\t\t\t\t\t<div class=\"elementor-field elementor-select-wrapper remove-before\">\n\t\t\t<div class=\"select-caret-down-wrapper\">\n\t\t\t\t<i aria-hidden=\"true\" class=\"eicon-caret-down\"><\/i>\t\t\t<\/div>\n\t\t\t<select name=\"form_fields[field_318beea]\" id=\"form-field-field_318beea\" class=\"elementor-field-textual elementor-size-sm\">\n\t\t\t\t\t\t\t\t\t<option value=\"Selecione uma op\u00e7\u00e3o\">Select an option<\/option>\n\t\t\t\t\t\t\t\t\t<option value=\"Analise de Cen\u00e1rio e Identifica\u00e7\u00e3o de Oportunidades\">Scenario Analysis and Opportunity Identification<\/option>\n\t\t\t\t\t\t\t\t\t<option value=\"Rela\u00e7\u00f5es Institucionais e Governamentais\">Institutional and Governmental Relations<\/option>\n\t\t\t\t\t\t\t\t\t<option value=\"Consultoria Estrat\u00e9gica\">Strategic Consulting<\/option>\n\t\t\t\t\t\t\t\t\t<option value=\"Desenvolvimento de Estrat\u00e9gias de Neg\u00f3cios\">Business Strategy Development<\/option>\n\t\t\t\t\t\t\t\t\t<option value=\"Acompanhamento de Processos\">Process Monitoring<\/option>\n\t\t\t\t\t\t\t\t\t<option value=\"Networking e Parcerias Relevantes\">Networking and Relevant Partnerships<\/option>\n\t\t\t\t\t\t\t\t\t<option value=\"Prefiro informar em uma reuni\u00e3o\">Prefer to inform in a meeting<\/option>\n\t\t\t\t\t\t\t<\/select>\n\t\t<\/div>\n\t\t\t\t\t\t<\/div>\n\t\t\t\t\t\t\t\t<div class=\"elementor-field-type-select elementor-field-group elementor-column elementor-field-group-field_4aa75f3 elementor-col-100\">\n\t\t\t\t\t\t\t\t\t\t\t\t<label for=\"form-field-field_4aa75f3\" class=\"elementor-field-label\">\n\t\t\t\t\t\t\t\tHow did you hear about our company?\t\t\t\t\t\t\t<\/label>\n\t\t\t\t\t\t\t\t<div class=\"elementor-field elementor-select-wrapper remove-before\">\n\t\t\t<div class=\"select-caret-down-wrapper\">\n\t\t\t\t<i aria-hidden=\"true\" class=\"eicon-caret-down\"><\/i>\t\t\t<\/div>\n\t\t\t<select name=\"form_fields[field_4aa75f3]\" id=\"form-field-field_4aa75f3\" class=\"elementor-field-textual elementor-size-sm\">\n\t\t\t\t\t\t\t\t\t<option value=\"Instagram\">Instagram<\/option>\n\t\t\t\t\t\t\t\t\t<option value=\"Linkedin\">Linkedin<\/option>\n\t\t\t\t\t\t\t\t\t<option value=\"Google\">Google<\/option>\n\t\t\t\t\t\t\t\t\t<option value=\"Em um evento\">Em um evento<\/option>\n\t\t\t\t\t\t\t\t\t<option value=\"Indica\u00e7\u00e3o\">Indica\u00e7\u00e3o<\/option>\n\t\t\t\t\t\t\t<\/select>\n\t\t<\/div>\n\t\t\t\t\t\t<\/div>\n\t\t\t\t\t\t\t\t<div class=\"elementor-field-group elementor-column elementor-field-type-submit elementor-col-100 e-form__buttons\">\n\t\t\t\t\t<button class=\"elementor-button elementor-size-sm\" type=\"submit\">\n\t\t\t\t\t\t<span class=\"elementor-button-content-wrapper\">\n\t\t\t\t\t\t\t\t\t\t\t\t\t\t\t<span class=\"elementor-button-icon\">\n\t\t\t\t\t\t\t\t\t<i aria-hidden=\"true\" class=\"far fa-paper-plane\"><\/i>\t\t\t\t\t\t\t\t\t\t\t\t\t\t\t\t\t<\/span>\n\t\t\t\t\t\t\t\t\t\t\t\t\t\t\t\t\t\t\t\t\t\t<span class=\"elementor-button-text\">Enviar<\/span>\n\t\t\t\t\t\t\t\t\t\t\t\t\t<\/span>\n\t\t\t\t\t<\/button>\n\t\t\t\t<\/div>\n\t\t\t<\/div>\n\t\t<input type=\"hidden\" name=\"trp-form-language\" value=\"en\"\/><\/form>\n\t\t\t\t<\/div>\n\t\t\t\t<\/div>\n\t\t\t\t<\/div>\n\t\t\t\t<\/div>\n\t\t\t\t<\/div>","protected":false},"excerpt":{"rendered":"<p>Vamos juntos? Nossos Contatos Fale conosco atrav\u00e9s de nosso WhatsApp ou e-mail.Atendimento de segunda a sexta. De 9h \u00e0s 18h, hor\u00e1rio de Bras\u00edlia. contato@polianabentes.com.br +55 (91) 99281-8714 @polianabentesconsultoria Travessa 14 de mar\u00e7o, 1155. Edif\u00edcio Urbe 14. Sala 504. Bel\u00e9m, PA, Brasil. Imprensa Gabriel Pinheiro contatodogab@gmail.com +55 (91) 98108-2576 Envie uma Mensagem<\/p>","protected":false},"author":2,"featured_media":0,"parent":0,"menu_order":0,"comment_status":"closed","ping_status":"closed","template":"elementor_header_footer","meta":{"footnotes":""},"class_list":["post-24","page","type-page","status-publish","hentry"],"_links":{"self":[{"href":"https:\/\/polianabentes.com.br\/en\/wp-json\/wp\/v2\/pages\/24","targetHints":{"allow":["GET"]}}],"collection":[{"href":"https:\/\/polianabentes.com.br\/en\/wp-json\/wp\/v2\/pages"}],"about":[{"href":"https:\/\/polianabentes.com.br\/en\/wp-json\/wp\/v2\/types\/page"}],"author":[{"embeddable":true,"href":"https:\/\/polianabentes.com.br\/en\/wp-json\/wp\/v2\/users\/2"}],"replies":[{"embeddable":true,"href":"https:\/\/polianabentes.com.br\/en\/wp-json\/wp\/v2\/comments?post=24"}],"version-history":[{"count":104,"href":"https:\/\/polianabentes.com.br\/en\/wp-json\/wp\/v2\/pages\/24\/revisions"}],"predecessor-version":[{"id":2367,"href":"https:\/\/polianabentes.com.br\/en\/wp-json\/wp\/v2\/pages\/24\/revisions\/2367"}],"wp:attachment":[{"href":"https:\/\/polianabentes.com.br\/en\/wp-json\/wp\/v2\/media?parent=24"}],"curies":[{"name":"wp","href":"https:\/\/api.w.org\/{rel}","templated":true}]}}