{"id":20,"date":"2023-07-10T21:18:36","date_gmt":"2023-07-11T00:18:36","guid":{"rendered":"https:\/\/polianabentes.com.br\/?page_id=20"},"modified":"2025-08-08T18:12:35","modified_gmt":"2025-08-08T21:12:35","slug":"nossos-servicos","status":"publish","type":"page","link":"https:\/\/polianabentes.com.br\/en\/nossos-servicos\/","title":{"rendered":"Our services"},"content":{"rendered":"<div data-elementor-type=\"wp-page\" data-elementor-id=\"20\" class=\"elementor elementor-20\" data-elementor-post-type=\"page\">\n\t\t\t\t<div class=\"elementor-element elementor-element-1b488c8 e-flex e-con-boxed e-con e-parent\" data-id=\"1b488c8\" data-element_type=\"container\">\n\t\t\t\t\t<div class=\"e-con-inner\">\n\t\t\t\t<div class=\"elementor-element elementor-element-5885227 animated-slow elementor-invisible elementor-widget elementor-widget-heading\" data-id=\"5885227\" data-element_type=\"widget\" data-settings=\"{&quot;_animation&quot;:&quot;fadeIn&quot;}\" data-widget_type=\"heading.default\">\n\t\t\t\t<div class=\"elementor-widget-container\">\n\t\t\t<h2 class=\"elementor-heading-title elementor-size-default\">Complete solutions for your business needs<\/h2>\t\t<\/div>\n\t\t\t\t<\/div>\n\t\t\t\t\t<\/div>\n\t\t\t\t<\/div>\n\t\t<div class=\"elementor-element elementor-element-2cddd2b e-con-full e-flex e-con e-parent\" data-id=\"2cddd2b\" data-element_type=\"container\" data-settings=\"{&quot;background_background&quot;:&quot;classic&quot;}\">\n\t\t<div class=\"elementor-element elementor-element-3de23b6 e-grid e-con-full e-con e-child\" data-id=\"3de23b6\" data-element_type=\"container\">\n\t\t<div class=\"elementor-element elementor-element-247ec69 e-con-full e-flex elementor-invisible e-con e-child\" data-id=\"247ec69\" data-element_type=\"container\" data-settings=\"{&quot;background_background&quot;:&quot;classic&quot;,&quot;animation&quot;:&quot;fadeInLeft&quot;,&quot;animation_delay&quot;:0,&quot;animation_mobile&quot;:&quot;none&quot;}\">\n\t\t\t\t<div class=\"elementor-element elementor-element-6a6247e elementor-widget elementor-widget-heading\" data-id=\"6a6247e\" data-element_type=\"widget\" data-widget_type=\"heading.default\">\n\t\t\t\t<div class=\"elementor-widget-container\">\n\t\t\t<h2 class=\"elementor-heading-title elementor-size-default\">01<\/h2>\t\t<\/div>\n\t\t\t\t<\/div>\n\t\t\t\t<div class=\"elementor-element elementor-element-8917860 elementor-widget elementor-widget-heading\" data-id=\"8917860\" data-element_type=\"widget\" data-widget_type=\"heading.default\">\n\t\t\t\t<div class=\"elementor-widget-container\">\n\t\t\t<h2 class=\"elementor-heading-title elementor-size-default\">Rela\u00e7\u00f5es Institucionais e Governamentais (RIG)<\/h2>\t\t<\/div>\n\t\t\t\t<\/div>\n\t\t\t\t<div class=\"elementor-element elementor-element-4d2eed7 elementor-widget elementor-widget-text-editor\" data-id=\"4d2eed7\" data-element_type=\"widget\" data-widget_type=\"text-editor.default\">\n\t\t\t\t<div class=\"elementor-widget-container\">\n\t\t\t\t\t\t\t<p>Apoiamos nossos clientes na constru\u00e7\u00e3o de uma presen\u00e7a institucional \u00e9tica, s\u00f3lida e estrat\u00e9gica junto a \u00f3rg\u00e3os p\u00fablicos, entidades reguladoras e demais stakeholders. Fazemos o acompanhamento pr\u00f3ximo de processos e pautas que afetam diretamente a atividade industrial, atuando em diversos n\u00edveis da administra\u00e7\u00e3o p\u00fablica. Monitoramos legisla\u00e7\u00f5es, mapeamos interlocutores-chave, estruturamos estrat\u00e9gias de di\u00e1logo e fortalecemos a reputa\u00e7\u00e3o institucional das empresas.<\/p>\t\t\t\t\t\t<\/div>\n\t\t\t\t<\/div>\n\t\t\t\t<\/div>\n\t\t<div class=\"elementor-element elementor-element-45f8924 e-con-full e-flex elementor-invisible e-con e-child\" data-id=\"45f8924\" data-element_type=\"container\" data-settings=\"{&quot;background_background&quot;:&quot;classic&quot;,&quot;animation&quot;:&quot;fadeInLeft&quot;,&quot;animation_delay&quot;:500,&quot;animation_mobile&quot;:&quot;none&quot;}\">\n\t\t\t\t<div class=\"elementor-element elementor-element-46e9dd5 elementor-widget elementor-widget-heading\" data-id=\"46e9dd5\" data-element_type=\"widget\" data-widget_type=\"heading.default\">\n\t\t\t\t<div class=\"elementor-widget-container\">\n\t\t\t<h2 class=\"elementor-heading-title elementor-size-default\">02<\/h2>\t\t<\/div>\n\t\t\t\t<\/div>\n\t\t\t\t<div class=\"elementor-element elementor-element-90f3a32 elementor-widget elementor-widget-heading\" data-id=\"90f3a32\" data-element_type=\"widget\" data-widget_type=\"heading.default\">\n\t\t\t\t<div class=\"elementor-widget-container\">\n\t\t\t<h2 class=\"elementor-heading-title elementor-size-default\">Intelig\u00eancia Estrat\u00e9gica e Regulat\u00f3ria<\/h2>\t\t<\/div>\n\t\t\t\t<\/div>\n\t\t\t\t<div class=\"elementor-element elementor-element-54b6f30 elementor-widget elementor-widget-text-editor\" data-id=\"54b6f30\" data-element_type=\"widget\" data-widget_type=\"text-editor.default\">\n\t\t\t\t<div class=\"elementor-widget-container\">\n\t\t\t\t\t\t\t<p>Entregamos an\u00e1lises qualificadas sobre o ambiente pol\u00edtico, regulat\u00f3rio e institucional, com foco em orientar decis\u00f5es estrat\u00e9gicas e operacionais. Monitoramos normas, pol\u00edticas p\u00fablicas e tend\u00eancias, traduzindo esse conte\u00fado em cen\u00e1rios e recomenda\u00e7\u00f5es personalizadas. Nosso objetivo \u00e9 antecipar riscos, fortalecer o compliance e ampliar oportunidades de atua\u00e7\u00e3o.<\/p>\t\t\t\t\t\t<\/div>\n\t\t\t\t<\/div>\n\t\t\t\t<\/div>\n\t\t\t\t<\/div>\n\t\t\t\t<\/div>\n\t\t<div class=\"elementor-element elementor-element-3e76c78 e-grid e-con-full e-con e-parent\" data-id=\"3e76c78\" data-element_type=\"container\">\n\t\t<div class=\"elementor-element elementor-element-0b0aa4a e-con-full e-flex elementor-invisible e-con e-child\" data-id=\"0b0aa4a\" data-element_type=\"container\" data-settings=\"{&quot;animation&quot;:&quot;fadeInLeft&quot;}\">\n\t\t\t\t<div class=\"elementor-element elementor-element-55260e7 elementor-widget elementor-widget-heading\" data-id=\"55260e7\" data-element_type=\"widget\" data-widget_type=\"heading.default\">\n\t\t\t\t<div class=\"elementor-widget-container\">\n\t\t\t<h3 class=\"elementor-heading-title elementor-size-default\">OUR APPROACH<\/h3>\t\t<\/div>\n\t\t\t\t<\/div>\n\t\t\t\t<div class=\"elementor-element elementor-element-49fda22 elementor-widget elementor-widget-heading\" data-id=\"49fda22\" data-element_type=\"widget\" data-widget_type=\"heading.default\">\n\t\t\t\t<div class=\"elementor-widget-container\">\n\t\t\t<h2 class=\"elementor-heading-title elementor-size-xxl\">Pensamos em solu\u00e7\u00f5es personalizadas para a necessidade de cada neg\u00f3cio, estamos focados nas necessidades espec\u00edficas de cada cliente, nosso objetivo \u00e9 fornecer solu\u00e7\u00f5es estrat\u00e9gicas e pr\u00e1ticas que impulsionem o crescimento e o sucesso dos neg\u00f3cios.<\/h2>\t\t<\/div>\n\t\t\t\t<\/div>\n\t\t\t\t<\/div>\n\t\t<div class=\"elementor-element elementor-element-a724a9c e-con-full e-flex e-con e-child\" data-id=\"a724a9c\" data-element_type=\"container\">\n\t\t<div class=\"elementor-element elementor-element-9a91d9b e-con-full e-flex e-con e-child\" data-id=\"9a91d9b\" data-element_type=\"container\">\n\t\t\t\t<div class=\"elementor-element elementor-element-e17e3e5 elementor-invisible elementor-widget elementor-widget-image\" data-id=\"e17e3e5\" data-element_type=\"widget\" data-settings=\"{&quot;_animation&quot;:&quot;fadeInRight&quot;}\" data-widget_type=\"image.default\">\n\t\t\t\t<div class=\"elementor-widget-container\">\n\t\t\t\t\t\t\t\t\t\t\t\t\t<img fetchpriority=\"high\" decoding=\"async\" width=\"1707\" height=\"2560\" src=\"https:\/\/polianabentes.com.br\/wp-content\/uploads\/2025\/08\/Imagem-do-WhatsApp-de-2025-07-29-as-13.42.15_93edb610-scaled.jpg\" class=\"attachment-full size-full wp-image-2502\" alt=\"\" srcset=\"https:\/\/polianabentes.com.br\/wp-content\/uploads\/2025\/08\/Imagem-do-WhatsApp-de-2025-07-29-as-13.42.15_93edb610-scaled.jpg 1707w, https:\/\/polianabentes.com.br\/wp-content\/uploads\/2025\/08\/Imagem-do-WhatsApp-de-2025-07-29-as-13.42.15_93edb610-200x300.jpg 200w, https:\/\/polianabentes.com.br\/wp-content\/uploads\/2025\/08\/Imagem-do-WhatsApp-de-2025-07-29-as-13.42.15_93edb610-683x1024.jpg 683w, https:\/\/polianabentes.com.br\/wp-content\/uploads\/2025\/08\/Imagem-do-WhatsApp-de-2025-07-29-as-13.42.15_93edb610-768x1152.jpg 768w, https:\/\/polianabentes.com.br\/wp-content\/uploads\/2025\/08\/Imagem-do-WhatsApp-de-2025-07-29-as-13.42.15_93edb610-1024x1536.jpg 1024w, https:\/\/polianabentes.com.br\/wp-content\/uploads\/2025\/08\/Imagem-do-WhatsApp-de-2025-07-29-as-13.42.15_93edb610-1366x2048.jpg 1366w, https:\/\/polianabentes.com.br\/wp-content\/uploads\/2025\/08\/Imagem-do-WhatsApp-de-2025-07-29-as-13.42.15_93edb610-8x12.jpg 8w\" sizes=\"(max-width: 1707px) 100vw, 1707px\" \/>\t\t\t\t\t\t\t\t\t\t\t\t\t<\/div>\n\t\t\t\t<\/div>\n\t\t\t\t<\/div>\n\t\t<div class=\"elementor-element elementor-element-afc1f6a e-con-full elementor-hidden-mobile e-flex e-con e-child\" data-id=\"afc1f6a\" data-element_type=\"container\">\n\t\t<div class=\"elementor-element elementor-element-0296db4 e-flex e-con-boxed elementor-invisible e-con e-child\" data-id=\"0296db4\" data-element_type=\"container\" data-settings=\"{&quot;animation&quot;:&quot;fadeInRight&quot;,&quot;animation_delay&quot;:500}\">\n\t\t\t\t\t<div class=\"e-con-inner\">\n\t\t\t\t<div class=\"elementor-element elementor-element-d51a5d0 elementor-widget elementor-widget-image\" data-id=\"d51a5d0\" data-element_type=\"widget\" data-widget_type=\"image.default\">\n\t\t\t\t<div class=\"elementor-widget-container\">\n\t\t\t\t\t\t\t\t\t\t\t\t\t<img decoding=\"async\" width=\"683\" height=\"1024\" src=\"https:\/\/polianabentes.com.br\/wp-content\/uploads\/2025\/08\/Imagem-do-WhatsApp-de-2025-07-29-as-13.42.11_26d9b786-683x1024.jpg\" class=\"attachment-large size-large wp-image-2484\" alt=\"\" srcset=\"https:\/\/polianabentes.com.br\/wp-content\/uploads\/2025\/08\/Imagem-do-WhatsApp-de-2025-07-29-as-13.42.11_26d9b786-683x1024.jpg 683w, https:\/\/polianabentes.com.br\/wp-content\/uploads\/2025\/08\/Imagem-do-WhatsApp-de-2025-07-29-as-13.42.11_26d9b786-200x300.jpg 200w, https:\/\/polianabentes.com.br\/wp-content\/uploads\/2025\/08\/Imagem-do-WhatsApp-de-2025-07-29-as-13.42.11_26d9b786-768x1152.jpg 768w, https:\/\/polianabentes.com.br\/wp-content\/uploads\/2025\/08\/Imagem-do-WhatsApp-de-2025-07-29-as-13.42.11_26d9b786-1024x1536.jpg 1024w, https:\/\/polianabentes.com.br\/wp-content\/uploads\/2025\/08\/Imagem-do-WhatsApp-de-2025-07-29-as-13.42.11_26d9b786-1366x2048.jpg 1366w, https:\/\/polianabentes.com.br\/wp-content\/uploads\/2025\/08\/Imagem-do-WhatsApp-de-2025-07-29-as-13.42.11_26d9b786-8x12.jpg 8w, https:\/\/polianabentes.com.br\/wp-content\/uploads\/2025\/08\/Imagem-do-WhatsApp-de-2025-07-29-as-13.42.11_26d9b786-scaled.jpg 1707w\" sizes=\"(max-width: 683px) 100vw, 683px\" \/>\t\t\t\t\t\t\t\t\t\t\t\t\t<\/div>\n\t\t\t\t<\/div>\n\t\t\t\t\t<\/div>\n\t\t\t\t<\/div>\n\t\t<div class=\"elementor-element elementor-element-f26e863 e-flex e-con-boxed elementor-invisible e-con e-child\" data-id=\"f26e863\" data-element_type=\"container\" data-settings=\"{&quot;animation&quot;:&quot;fadeInRight&quot;,&quot;animation_delay&quot;:1000}\">\n\t\t\t\t\t<div class=\"e-con-inner\">\n\t\t\t\t<div class=\"elementor-element elementor-element-84a70af elementor-widget elementor-widget-image\" data-id=\"84a70af\" data-element_type=\"widget\" data-widget_type=\"image.default\">\n\t\t\t\t<div class=\"elementor-widget-container\">\n\t\t\t\t\t\t\t\t\t\t\t\t\t<img decoding=\"async\" width=\"683\" height=\"1024\" src=\"https:\/\/polianabentes.com.br\/wp-content\/uploads\/2025\/08\/Imagem-do-WhatsApp-de-2025-07-29-as-13.42.12_8334c767-683x1024.jpg\" class=\"attachment-large size-large wp-image-2489\" alt=\"\" srcset=\"https:\/\/polianabentes.com.br\/wp-content\/uploads\/2025\/08\/Imagem-do-WhatsApp-de-2025-07-29-as-13.42.12_8334c767-683x1024.jpg 683w, https:\/\/polianabentes.com.br\/wp-content\/uploads\/2025\/08\/Imagem-do-WhatsApp-de-2025-07-29-as-13.42.12_8334c767-200x300.jpg 200w, https:\/\/polianabentes.com.br\/wp-content\/uploads\/2025\/08\/Imagem-do-WhatsApp-de-2025-07-29-as-13.42.12_8334c767-768x1152.jpg 768w, https:\/\/polianabentes.com.br\/wp-content\/uploads\/2025\/08\/Imagem-do-WhatsApp-de-2025-07-29-as-13.42.12_8334c767-1024x1536.jpg 1024w, https:\/\/polianabentes.com.br\/wp-content\/uploads\/2025\/08\/Imagem-do-WhatsApp-de-2025-07-29-as-13.42.12_8334c767-1366x2048.jpg 1366w, https:\/\/polianabentes.com.br\/wp-content\/uploads\/2025\/08\/Imagem-do-WhatsApp-de-2025-07-29-as-13.42.12_8334c767-8x12.jpg 8w, https:\/\/polianabentes.com.br\/wp-content\/uploads\/2025\/08\/Imagem-do-WhatsApp-de-2025-07-29-as-13.42.12_8334c767-scaled.jpg 1707w\" sizes=\"(max-width: 683px) 100vw, 683px\" \/>\t\t\t\t\t\t\t\t\t\t\t\t\t<\/div>\n\t\t\t\t<\/div>\n\t\t\t\t\t<\/div>\n\t\t\t\t<\/div>\n\t\t\t\t<\/div>\n\t\t\t\t<\/div>\n\t\t\t\t<\/div>\n\t\t<div class=\"elementor-element elementor-element-d946775 e-con-full e-flex e-con e-parent\" data-id=\"d946775\" data-element_type=\"container\">\n\t\t\t\t<div class=\"elementor-element elementor-element-c4909d7 animated-slow elementor-invisible elementor-widget elementor-widget-heading\" data-id=\"c4909d7\" data-element_type=\"widget\" data-settings=\"{&quot;_animation&quot;:&quot;fadeIn&quot;}\" data-widget_type=\"heading.default\">\n\t\t\t\t<div class=\"elementor-widget-container\">\n\t\t\t<p class=\"elementor-heading-title elementor-size-default\">+300 companies have been served and advised over the years, contributing to the success of their operations in the state.<\/p>\t\t<\/div>\n\t\t\t\t<\/div>\n\t\t\t\t<\/div>\n\t\t<div class=\"elementor-element elementor-element-85b484a e-con-full elementor-hidden-widescreen elementor-hidden-desktop elementor-hidden-laptop elementor-hidden-tablet_extra elementor-hidden-tablet elementor-hidden-mobile_extra elementor-hidden-mobile e-flex e-con e-parent\" data-id=\"85b484a\" data-element_type=\"container\" data-settings=\"{&quot;background_background&quot;:&quot;classic&quot;}\">\n\t\t<div class=\"elementor-element elementor-element-bb6eae4 e-con-full e-flex elementor-invisible e-con e-child\" data-id=\"bb6eae4\" data-element_type=\"container\" data-settings=\"{&quot;animation&quot;:&quot;fadeInDown&quot;}\">\n\t\t\t\t<div class=\"elementor-element elementor-element-f2a694a elementor-widget__width-initial elementor-widget-tablet__width-initial elementor-widget elementor-widget-heading\" data-id=\"f2a694a\" data-element_type=\"widget\" data-widget_type=\"heading.default\">\n\t\t\t\t<div class=\"elementor-widget-container\">\n\t\t\t<h4 class=\"elementor-heading-title elementor-size-medium\">CLIENTS WHO TRUSTED OUR WORK <\/h4>\t\t<\/div>\n\t\t\t\t<\/div>\n\t\t\t\t<div class=\"elementor-element elementor-element-6dd08e4 elementor-widget-divider--view-line elementor-widget elementor-widget-divider\" data-id=\"6dd08e4\" data-element_type=\"widget\" data-widget_type=\"divider.default\">\n\t\t\t\t<div class=\"elementor-widget-container\">\n\t\t\t\t\t<div class=\"elementor-divider\">\n\t\t\t<span class=\"elementor-divider-separator\">\n\t\t\t\t\t\t<\/span>\n\t\t<\/div>\n\t\t\t\t<\/div>\n\t\t\t\t<\/div>\n\t\t\t\t<\/div>\n\t\t<div class=\"elementor-element elementor-element-d6fda56 e-con-full e-flex elementor-invisible e-con e-child\" data-id=\"d6fda56\" data-element_type=\"container\" data-settings=\"{&quot;animation&quot;:&quot;fadeIn&quot;}\">\n\t\t\t\t<div class=\"elementor-element elementor-element-069a8ba elementor-widget elementor-widget-image-carousel\" data-id=\"069a8ba\" data-element_type=\"widget\" data-settings=\"{&quot;slides_to_show&quot;:&quot;6&quot;,&quot;navigation&quot;:&quot;none&quot;,&quot;image_spacing_custom&quot;:{&quot;unit&quot;:&quot;px&quot;,&quot;size&quot;:50,&quot;sizes&quot;:[]},&quot;slides_to_show_tablet&quot;:&quot;4&quot;,&quot;slides_to_show_mobile&quot;:&quot;3&quot;,&quot;image_spacing_custom_mobile&quot;:{&quot;unit&quot;:&quot;px&quot;,&quot;size&quot;:14,&quot;sizes&quot;:[]},&quot;autoplay&quot;:&quot;yes&quot;,&quot;pause_on_hover&quot;:&quot;yes&quot;,&quot;pause_on_interaction&quot;:&quot;yes&quot;,&quot;autoplay_speed&quot;:5000,&quot;infinite&quot;:&quot;yes&quot;,&quot;speed&quot;:500,&quot;image_spacing_custom_widescreen&quot;:{&quot;unit&quot;:&quot;px&quot;,&quot;size&quot;:&quot;&quot;,&quot;sizes&quot;:[]},&quot;image_spacing_custom_laptop&quot;:{&quot;unit&quot;:&quot;px&quot;,&quot;size&quot;:&quot;&quot;,&quot;sizes&quot;:[]},&quot;image_spacing_custom_tablet_extra&quot;:{&quot;unit&quot;:&quot;px&quot;,&quot;size&quot;:&quot;&quot;,&quot;sizes&quot;:[]},&quot;image_spacing_custom_tablet&quot;:{&quot;unit&quot;:&quot;px&quot;,&quot;size&quot;:&quot;&quot;,&quot;sizes&quot;:[]},&quot;image_spacing_custom_mobile_extra&quot;:{&quot;unit&quot;:&quot;px&quot;,&quot;size&quot;:&quot;&quot;,&quot;sizes&quot;:[]}}\" data-widget_type=\"image-carousel.default\">\n\t\t\t\t<div class=\"elementor-widget-container\">\n\t\t\t\t\t<div class=\"elementor-image-carousel-wrapper swiper\" dir=\"ltr\">\n\t\t\t<div class=\"elementor-image-carousel swiper-wrapper\" aria-live=\"off\">\n\t\t\t\t\t\t\t\t<div class=\"swiper-slide\" role=\"group\" aria-roledescription=\"slide\" aria-label=\"1 of 7\"><figure class=\"swiper-slide-inner\"><img decoding=\"async\" class=\"swiper-slide-image\" src=\"https:\/\/polianabentes.com.br\/wp-content\/uploads\/2023\/08\/BNTS-Site-Logo-Cliente-Bemisa.jpg\" alt=\"\" \/><\/figure><\/div><div class=\"swiper-slide\" role=\"group\" aria-roledescription=\"slide\" aria-label=\"2 of 7\"><figure class=\"swiper-slide-inner\"><img decoding=\"async\" class=\"swiper-slide-image\" src=\"https:\/\/polianabentes.com.br\/wp-content\/uploads\/2023\/08\/BNTS-Site-Logo-Cliente-Chapleau.jpg\" alt=\"\" \/><\/figure><\/div><div class=\"swiper-slide\" role=\"group\" aria-roledescription=\"slide\" aria-label=\"3 of 7\"><figure class=\"swiper-slide-inner\"><img decoding=\"async\" class=\"swiper-slide-image\" src=\"https:\/\/polianabentes.com.br\/wp-content\/uploads\/2023\/08\/BNTS-Site-Logo-Cliente-Ligga.jpg\" alt=\"\" \/><\/figure><\/div><div class=\"swiper-slide\" role=\"group\" aria-roledescription=\"slide\" aria-label=\"4 of 7\"><figure class=\"swiper-slide-inner\"><img decoding=\"async\" class=\"swiper-slide-image\" src=\"https:\/\/polianabentes.com.br\/wp-content\/uploads\/2023\/08\/BNTS-Site-Logo-Cliente-Ocrim.jpg\" alt=\"\" \/><\/figure><\/div><div class=\"swiper-slide\" role=\"group\" aria-roledescription=\"slide\" aria-label=\"5 of 7\"><figure class=\"swiper-slide-inner\"><img decoding=\"async\" class=\"swiper-slide-image\" src=\"https:\/\/polianabentes.com.br\/wp-content\/uploads\/2023\/08\/BNTS-Site-Logo-Cliente-Oleoplan.jpg\" alt=\"\" \/><\/figure><\/div><div class=\"swiper-slide\" role=\"group\" aria-roledescription=\"slide\" aria-label=\"6 of 7\"><figure class=\"swiper-slide-inner\"><img decoding=\"async\" class=\"swiper-slide-image\" src=\"https:\/\/polianabentes.com.br\/wp-content\/uploads\/2023\/08\/BNTS-Site-Logo-Cliente-Simineral.jpg\" alt=\"\" \/><\/figure><\/div><div class=\"swiper-slide\" role=\"group\" aria-roledescription=\"slide\" aria-label=\"7 of 7\"><figure class=\"swiper-slide-inner\"><img decoding=\"async\" class=\"swiper-slide-image\" src=\"https:\/\/polianabentes.com.br\/wp-content\/uploads\/2023\/08\/BNTS-Site-Logo-Cliente-Sinobras.jpg\" alt=\"\" \/><\/figure><\/div>\t\t\t<\/div>\n\t\t\t\t\t\t\t\n\t\t\t\t\t\t\t\t\t<\/div>\n\t\t\t\t<\/div>\n\t\t\t\t<\/div>\n\t\t\t\t<\/div>\n\t\t\t\t<\/div>\n\t\t\t\t<\/div>","protected":false},"excerpt":{"rendered":"<p>Solu\u00e7\u00f5es completas para as necessidades do seu neg\u00f3cio 01 Rela\u00e7\u00f5es Institucionais e Governamentais (RIG) Apoiamos nossos clientes na constru\u00e7\u00e3o de uma presen\u00e7a institucional \u00e9tica, s\u00f3lida e estrat\u00e9gica junto a \u00f3rg\u00e3os p\u00fablicos, entidades reguladoras e demais stakeholders. Fazemos o acompanhamento pr\u00f3ximo de processos e pautas que afetam diretamente a atividade industrial, atuando em diversos n\u00edveis da [&hellip;]<\/p>","protected":false},"author":2,"featured_media":0,"parent":0,"menu_order":0,"comment_status":"closed","ping_status":"closed","template":"elementor_header_footer","meta":{"footnotes":""},"class_list":["post-20","page","type-page","status-publish","hentry"],"_links":{"self":[{"href":"https:\/\/polianabentes.com.br\/en\/wp-json\/wp\/v2\/pages\/20","targetHints":{"allow":["GET"]}}],"collection":[{"href":"https:\/\/polianabentes.com.br\/en\/wp-json\/wp\/v2\/pages"}],"about":[{"href":"https:\/\/polianabentes.com.br\/en\/wp-json\/wp\/v2\/types\/page"}],"author":[{"embeddable":true,"href":"https:\/\/polianabentes.com.br\/en\/wp-json\/wp\/v2\/users\/2"}],"replies":[{"embeddable":true,"href":"https:\/\/polianabentes.com.br\/en\/wp-json\/wp\/v2\/comments?post=20"}],"version-history":[{"count":104,"href":"https:\/\/polianabentes.com.br\/en\/wp-json\/wp\/v2\/pages\/20\/revisions"}],"predecessor-version":[{"id":2519,"href":"https:\/\/polianabentes.com.br\/en\/wp-json\/wp\/v2\/pages\/20\/revisions\/2519"}],"wp:attachment":[{"href":"https:\/\/polianabentes.com.br\/en\/wp-json\/wp\/v2\/media?parent=20"}],"curies":[{"name":"wp","href":"https:\/\/api.w.org\/{rel}","templated":true}]}}